{"id":970,"date":"2016-12-31T16:51:07","date_gmt":"2016-12-31T16:51:07","guid":{"rendered":"http:\/\/thomas-schick.com\/?page_id=970"},"modified":"2020-09-04T10:44:07","modified_gmt":"2020-09-04T10:44:07","slug":"faq","status":"publish","type":"page","link":"https:\/\/thomas-schick.com\/de\/faq","title":{"rendered":"H\u00e4ufige Fragen"},"content":{"rendered":"<div class=\"wpb-content-wrapper\"><p>[vc_row][vc_column][vc_toggle title=&#8220;Welche Tonabnehmer k\u00f6nnen mit schick Tonarmen genutzt werden?&#8220; el_id=&#8220;1483445496260-42be2e81-eb17&#8243;]Sie k\u00f6nnen eine gro\u00dfe Auswahl an Tonabnehmern verwenden.<br \/>\nDie Nadelnachgiebigkeit sollte unter 20 \u00b5m \/ mN liegen (22 f\u00fcr den 9-Zoll-Arm).<br \/>\nDas Gewicht sollte 5-6 Gramm oder mehr betragen.<br \/>\nDas schlie\u00dft nur sehr leichte MM-Systeme mit sehr weicher Aufh\u00e4ngung aus.<\/p>\n<p>Audio Technica-Systeme mit einem h\u00f6heren Wert (was auf eine weiche Federung hinweist) funktionieren ebenfalls. Ihre Einhaltung wird mit einer anderen H\u00e4ufigkeit und anderen Umst\u00e4nden berechnet.<br \/>\nAuf der schweren Seite liegt das Limit bei etwa 40 Gramm mit einer Konformit\u00e4t von 5, wenn so etwas existiert.<\/p>\n<p>Orotfon SPU sind in der Regel rund 30 Gramm mit einer Nachgibigkeit von 8, alle Modelle sind geeignet.<br \/>\nMono Tonabnehmer ohne vertikale Nachgibigkeit k\u00f6nnen ebenfalls verwendet werden.<\/p>\n<p>Decca-Systeme sind auch kompatibel.[\/vc_toggle][\/vc_column][\/vc_row][vc_row][vc_column][vc_toggle title=&#8220;Wie ist die Einbaudistanz f\u00fcr die verschiedenen schick Tonarme?&#8220; el_id=&#8220;1483445726844-3e8dba22-8df3&#8243;]Die Einbaudistanz ist:<\/p>\n<p>Tellermitte bis Drehpunkt Tonarm (Mittelpunkt der Tonarmbasis)<\/p>\n<p>schick 12 &#8211; 304,75mm oder 12 inch<\/p>\n<p>schick 10.5 &#8211; 270 mm<\/p>\n<p>schick 9 &#8211;\u00a0 229 mm<\/p>\n<p>[\/vc_toggle][\/vc_column][\/vc_row][vc_row][vc_column][vc_toggle title=&#8220;Welche Plattenspieler, Laufwerke sind geeignet?&#8220; el_id=&#8220;1526565049632-daffe68a-44aa&#8220;]Grunds\u00e4tzlich jedes Laufwerk, da\u00df die Einbaudistanzen der Tonarmmodelle bereitstellen kann. Der Plattenteller sollte mindestens 2,5cm \u00fcber die Unterkante der Tonarmbasis herausragen.<\/p>\n<p>Viele Plattenspielerhersteller k\u00f6nnen auch passende Tonarmbasen f\u00fcr einen schick Tonarm liefern.<\/p>\n<p>&nbsp;<\/p>\n<p>Der Einbau auf einem Subchassis Plattenspieler stellt kein Problem dar, wenn der Platz vorhanden ist.<\/p>\n<p>-[\/vc_toggle][\/vc_column][\/vc_row][vc_row][vc_column][vc_toggle title=&#8220;Welche Optionen f\u00fcr die Tonarme kann man w\u00e4hlen?&#8220; el_id=&#8220;1526565828998-7e51630c-bdb9&#8243;]Man kann zwischen dem schick 9, schick 10.5 und schick 12 w\u00e4hlen. Mit 9,6 inch(24,5cm), 10.5 inch (28,4) oder 12 inch (31,7cm) effektiver L\u00e4nge.<\/p>\n<p>Drei Farbe stehen zur Auswahl. Gold, silber-Nickel matt oder schwarz matt gew\u00e4hlt werden. Alle Oberfl\u00e4chen sind galvanisiert.<\/p>\n<p>Die schwarze Version ist auch mit schwarzem Tonarmrohr erh\u00e4ltlich.<\/p>\n<p>&nbsp;<\/p>\n<p>F\u00fcr den Anschluss kann ein fest installiertes kabel oder ein 5 pin Tonarmstecker\u00a0 (oft, aber f\u00e4lschlicherweise als DIN bezeichnet) gew\u00e4hlt werden. Bei der 5 pin Variante ist kein Tonarmkabel im Lieferumfang.[\/vc_toggle][\/vc_column][\/vc_row][vc_row][vc_column][vc_toggle title=&#8220;Wie hoch ist die effektive Masse der schick Tonarme?&#8220; el_id=&#8220;1529078530345-875eed04-1b90&#8243;]Die effektive Masse eines Tonarms ist etwas komplexer auszurechnen.<br \/>\nEinfacher ist es \u00fcber die Ndelnachgibigkeit einen Tonabnehmer zu w\u00e4hlen.<\/p>\n<p>Der schick 9 und schick 12 Tonarm ist geeignet f\u00fcr Tonabnhemer ab 6 Gramm mit einer Nadelnachgibigkeit von 20\u00b5m\/mN (22 f\u00fcr den schick9)<\/p>\n<p>Das beinhaltet die meisten Tonabnehmer auf dem Markt. Mit den meisten Tonabnehmern erh\u00e4lt man eine Tonarmresonanz im idealen Bereich von 8-11Hz.Lediglich sehr leichte oder sehr weich aufgeh\u00e4ngte MM Syteme passen nicht.<\/p>\n<p>Der Wert der Nachgiebigkeit sagt leider nur bedingt etwas aus. Zum Beispiel git es Tonabnehmer von van den Hul oder Audio Technica mit einem angegeen Wert von 34\u00b5m\/mN. Also eigentlich viel zu weich, aber die funktionieren einwandfrei. Die Werte wurden mit unterschiedlichen Frequenz statisch oder in Bewegung ermittelt.<\/p>\n<p>Letzlich ist es am Besten, wenn man einen installierten Tonabneher im Tonarm mi\u00dft, damit kann man die exakte Resonazfrequenz bestimmen.<\/p>\n<p>Hier ist die Formel zur Berechnung der effektiven Masse.<\/p>\n<p>Beim schick 9 und schick 12 Tonarm ist es kein fester Wert, da man durch das Gewicht des Headhells zu deutlich anderen Werten kommt. <span class=\"postbody\"><br \/>\n<\/span><span class=\"postbody\"><br \/>\nMeff = (MxD\u00b2)\/R\u00b2 <\/span><\/p>\n<p><span class=\"postbody\"> Meff= effektive Masse<br \/>\nM=Masse von Headshell + Tonabnehmer + Tonarmrohr ( 11Gramm)<br \/>\nD= Distanz vom Tonarmdrehpunkt zum Schwerpunkt der Headshell Tonabnehmerkombination.<\/span><\/p>\n<p><span class=\"postbody\">Der Schwerpunkt kann etwa in der Mitte des Tonabnehmergeh\u00e4uses gew\u00e4hlt werden, ohne die Ergebnisse zu verf\u00e4lschen.<br \/>\nYou can use 31,25cm<\/span><\/p>\n<p><span class=\"postbody\">R= Radius Tonarmdrehpunkt-Nadelspitze.<\/span><\/p>\n<p>D entspricht etwa der effektiven L\u00e4nge.<\/p>\n<p>Das Graphit Headshell wiegt 15,7 Gramm.<\/p>\n<p><span class=\"postbody\">Man kann verschiedene Werte durchrechnen, der Wert \u00e4ndert sich nicht dramatisch. Ein falscher Wert der Nadelnachgiebigkeit verf\u00e4lscht das Ergebnis allerdings.<br \/>\n<\/span><\/p>\n<p><span class=\"postbody\">Als Faustregel kann man ca. 1 Gramm von dem Ergebnis Headshell+Tonabnehmer +Tonarmrohr als Gewicht in der Formel abziehen.<br \/>\n<\/span><\/p>\n<p><span class=\"postbody\">Man kann aber, wie gesagt, eine sehr breite Palette an Tonabnehmern nutzen bis zu einem Nadelnachgiebigkeit von 22\u00b5m\/mN.<\/span><\/p>\n<p><span class=\"postbody\">Das beliebte Denon 103 wird mit einem zu niedrigen (harten) Wert angegeben.\u00a0 Die zu weich angegebenen System sind weiter oben bereits erw\u00e4hnt worden.<br \/>\n<\/span><\/p>\n<p><span class=\"postbody\">Auf der schweren Seite w\u00fcrde eine Kombination von 40 Gramm bei einer Nachgiebigkeit von 4 auch gehen, falls es so ein System \u00fcberhaupt gibt.<\/span><\/p>\n<p><span class=\"postbody\">Beim Ortofon SPU hat man um die 30 Gramm Gewicht bei einer Nachgiebigkeit von 8.<\/span><\/p>\n<p><span class=\"postbody\">Mono Systeme ohne vertikale Nachgiebigkeit k\u00f6nnen ebenso eingesetzt werden wie Decca Tonabnehmer.<\/span>[\/vc_toggle][\/vc_column][\/vc_row][vc_row][vc_column][vc_column_text]Hier k\u00f6nnen Sie den Testbericht aus &#8218;Hifi Stars&#8216; herunterladen.<\/p>\n<p><a href=\"https:\/\/thomas-schick.com\/wp-content\/uploads\/2020\/09\/Hifi-Stars-46-Schick-9.-Tonarm-thomas-schick.com.pdf\" target=\"_blank\" rel=\"noopener noreferrer\">Hifi Stars<\/a><a href=\"https:\/\/thomas-schick.com\/wp-content\/uploads\/2020\/09\/Hifi-Stars-46-Schick-9.-Tonarm-thomas-schick.com.pdf\" target=\"_blank\" rel=\"noopener noreferrer\"> 46<\/a><\/p>\n<p><img loading=\"lazy\" decoding=\"async\" class=\"img-frame alignleft\" src=\"https:\/\/thomas-schick.com\/wp-content\/uploads\/2020\/09\/HifiStarsjpg-thomas-schick.com.jpg\" width=\"270\" height=\"351\" \/>[\/vc_column_text][\/vc_column][\/vc_row][vc_row][\/vc_row]<\/p>\n<\/div>","protected":false},"excerpt":{"rendered":"<p>[vc_row][vc_column][vc_toggle title=&#8220;Welche Tonabnehmer k\u00f6nnen mit schick Tonarmen genutzt werden?&#8220; el_id=&#8220;1483445496260-42be2e81-eb17&#8243;]Sie k\u00f6nnen eine gro\u00dfe Auswahl an Tonabnehmern verwenden. Die Nadelnachgiebigkeit sollte [&hellip;]<\/p>\n","protected":false},"author":2,"featured_media":376,"parent":0,"menu_order":4,"comment_status":"closed","ping_status":"closed","template":"template-full-custom.php","meta":{"footnotes":""},"class_list":["post-970","page","type-page","status-publish","has-post-thumbnail","hentry"],"yoast_head":"<!-- This site is optimized with the Yoast SEO plugin v20.9 - https:\/\/yoast.com\/wordpress\/plugins\/seo\/ -->\n<title>H\u00e4ufige Fragen - Thomas Schick<\/title>\n<meta name=\"robots\" content=\"index, follow, max-snippet:-1, max-image-preview:large, max-video-preview:-1\" \/>\n<link rel=\"canonical\" href=\"https:\/\/thomas-schick.com\/en\/faq\" \/>\n<meta property=\"og:locale\" content=\"de_DE\" \/>\n<meta property=\"og:type\" content=\"article\" \/>\n<meta property=\"og:title\" content=\"H\u00e4ufige Fragen - Thomas Schick\" \/>\n<meta property=\"og:description\" content=\"[vc_row][vc_column][vc_toggle title=&#8220;Welche Tonabnehmer k\u00f6nnen mit schick Tonarmen genutzt werden?&#8220; el_id=&#8220;1483445496260-42be2e81-eb17&#8243;]Sie k\u00f6nnen eine gro\u00dfe Auswahl an Tonabnehmern verwenden. Die Nadelnachgiebigkeit sollte [&hellip;]\" \/>\n<meta property=\"og:url\" content=\"https:\/\/thomas-schick.com\/en\/faq\" \/>\n<meta property=\"og:site_name\" content=\"Thomas Schick\" \/>\n<meta property=\"article:modified_time\" content=\"2020-09-04T10:44:07+00:00\" \/>\n<meta property=\"og:image\" content=\"https:\/\/thomas-schick.com\/wp-content\/uploads\/2014\/12\/thomas-schick-227-final2-thomas-schick.com.jpg\" \/>\n\t<meta property=\"og:image:width\" content=\"1200\" \/>\n\t<meta property=\"og:image:height\" content=\"800\" \/>\n\t<meta property=\"og:image:type\" content=\"image\/jpeg\" \/>\n<meta name=\"twitter:card\" content=\"summary_large_image\" \/>\n<meta name=\"twitter:label1\" content=\"Gesch\u00e4tzte Lesezeit\" \/>\n\t<meta name=\"twitter:data1\" content=\"8\u00a0Minuten\" \/>\n<script type=\"application\/ld+json\" class=\"yoast-schema-graph\">{\"@context\":\"https:\/\/schema.org\",\"@graph\":[{\"@type\":\"WebPage\",\"@id\":\"https:\/\/thomas-schick.com\/en\/faq\",\"url\":\"https:\/\/thomas-schick.com\/en\/faq\",\"name\":\"H\u00e4ufige Fragen - Thomas Schick\",\"isPartOf\":{\"@id\":\"https:\/\/thomas-schick.com\/en\/#website\"},\"datePublished\":\"2016-12-31T16:51:07+00:00\",\"dateModified\":\"2020-09-04T10:44:07+00:00\",\"breadcrumb\":{\"@id\":\"https:\/\/thomas-schick.com\/en\/faq#breadcrumb\"},\"inLanguage\":\"de\",\"potentialAction\":[{\"@type\":\"ReadAction\",\"target\":[\"https:\/\/thomas-schick.com\/en\/faq\"]}]},{\"@type\":\"BreadcrumbList\",\"@id\":\"https:\/\/thomas-schick.com\/en\/faq#breadcrumb\",\"itemListElement\":[{\"@type\":\"ListItem\",\"position\":1,\"name\":\"Home\",\"item\":\"https:\/\/thomas-schick.com\/en\/\"},{\"@type\":\"ListItem\",\"position\":2,\"name\":\"FAQ\"}]},{\"@type\":\"WebSite\",\"@id\":\"https:\/\/thomas-schick.com\/en\/#website\",\"url\":\"https:\/\/thomas-schick.com\/en\/\",\"name\":\"Thomas Schick\",\"description\":\"\",\"potentialAction\":[{\"@type\":\"SearchAction\",\"target\":{\"@type\":\"EntryPoint\",\"urlTemplate\":\"https:\/\/thomas-schick.com\/en\/?s={search_term_string}\"},\"query-input\":\"required name=search_term_string\"}],\"inLanguage\":\"de\"}]}<\/script>\n<!-- \/ Yoast SEO plugin. -->","yoast_head_json":{"title":"H\u00e4ufige Fragen - Thomas Schick","robots":{"index":"index","follow":"follow","max-snippet":"max-snippet:-1","max-image-preview":"max-image-preview:large","max-video-preview":"max-video-preview:-1"},"canonical":"https:\/\/thomas-schick.com\/en\/faq","og_locale":"de_DE","og_type":"article","og_title":"H\u00e4ufige Fragen - Thomas Schick","og_description":"[vc_row][vc_column][vc_toggle title=&#8220;Welche Tonabnehmer k\u00f6nnen mit schick Tonarmen genutzt werden?&#8220; el_id=&#8220;1483445496260-42be2e81-eb17&#8243;]Sie k\u00f6nnen eine gro\u00dfe Auswahl an Tonabnehmern verwenden. Die Nadelnachgiebigkeit sollte [&hellip;]","og_url":"https:\/\/thomas-schick.com\/en\/faq","og_site_name":"Thomas Schick","article_modified_time":"2020-09-04T10:44:07+00:00","og_image":[{"width":1200,"height":800,"url":"https:\/\/thomas-schick.com\/wp-content\/uploads\/2014\/12\/thomas-schick-227-final2-thomas-schick.com.jpg","type":"image\/jpeg"}],"twitter_card":"summary_large_image","twitter_misc":{"Gesch\u00e4tzte Lesezeit":"8\u00a0Minuten"},"schema":{"@context":"https:\/\/schema.org","@graph":[{"@type":"WebPage","@id":"https:\/\/thomas-schick.com\/en\/faq","url":"https:\/\/thomas-schick.com\/en\/faq","name":"H\u00e4ufige Fragen - Thomas Schick","isPartOf":{"@id":"https:\/\/thomas-schick.com\/en\/#website"},"datePublished":"2016-12-31T16:51:07+00:00","dateModified":"2020-09-04T10:44:07+00:00","breadcrumb":{"@id":"https:\/\/thomas-schick.com\/en\/faq#breadcrumb"},"inLanguage":"de","potentialAction":[{"@type":"ReadAction","target":["https:\/\/thomas-schick.com\/en\/faq"]}]},{"@type":"BreadcrumbList","@id":"https:\/\/thomas-schick.com\/en\/faq#breadcrumb","itemListElement":[{"@type":"ListItem","position":1,"name":"Home","item":"https:\/\/thomas-schick.com\/en\/"},{"@type":"ListItem","position":2,"name":"FAQ"}]},{"@type":"WebSite","@id":"https:\/\/thomas-schick.com\/en\/#website","url":"https:\/\/thomas-schick.com\/en\/","name":"Thomas Schick","description":"","potentialAction":[{"@type":"SearchAction","target":{"@type":"EntryPoint","urlTemplate":"https:\/\/thomas-schick.com\/en\/?s={search_term_string}"},"query-input":"required name=search_term_string"}],"inLanguage":"de"}]}},"_links":{"self":[{"href":"https:\/\/thomas-schick.com\/de\/wp-json\/wp\/v2\/pages\/970","targetHints":{"allow":["GET"]}}],"collection":[{"href":"https:\/\/thomas-schick.com\/de\/wp-json\/wp\/v2\/pages"}],"about":[{"href":"https:\/\/thomas-schick.com\/de\/wp-json\/wp\/v2\/types\/page"}],"author":[{"embeddable":true,"href":"https:\/\/thomas-schick.com\/de\/wp-json\/wp\/v2\/users\/2"}],"replies":[{"embeddable":true,"href":"https:\/\/thomas-schick.com\/de\/wp-json\/wp\/v2\/comments?post=970"}],"version-history":[{"count":40,"href":"https:\/\/thomas-schick.com\/de\/wp-json\/wp\/v2\/pages\/970\/revisions"}],"predecessor-version":[{"id":1146,"href":"https:\/\/thomas-schick.com\/de\/wp-json\/wp\/v2\/pages\/970\/revisions\/1146"}],"wp:featuredmedia":[{"embeddable":true,"href":"https:\/\/thomas-schick.com\/de\/wp-json\/wp\/v2\/media\/376"}],"wp:attachment":[{"href":"https:\/\/thomas-schick.com\/de\/wp-json\/wp\/v2\/media?parent=970"}],"curies":[{"name":"wp","href":"https:\/\/api.w.org\/{rel}","templated":true}]}}