{"id":76,"date":"2014-09-07T07:02:08","date_gmt":"2014-09-07T07:02:08","guid":{"rendered":"http:\/\/thomas-schick.com\/?page_id=76"},"modified":"2025-02-20T12:15:36","modified_gmt":"2025-02-20T12:15:36","slug":"impressum","status":"publish","type":"page","link":"https:\/\/thomas-schick.com\/de\/impressum","title":{"rendered":"Impressum"},"content":{"rendered":"<div class=\"wpb-content-wrapper\"><p>[vc_row][vc_column][vc_column_text][\/vc_column_text][\/vc_column][\/vc_row][vc_row][vc_column][vc_column_text]<strong>Thomas Schick<br \/>\n<\/strong><\/p>\n<p>Internet<\/p>\n<blockquote class=\"wp-embedded-content\" data-secret=\"LgBz8pSx4K\"><p><a href=\"https:\/\/thomas-schick.com\/\">Startseite<\/a><\/p><\/blockquote>\n<p><iframe loading=\"lazy\" class=\"wp-embedded-content\" sandbox=\"allow-scripts\" security=\"restricted\" style=\"position: absolute; clip: rect(1px, 1px, 1px, 1px);\" title=\"&#8222;Startseite&#8220; &#8212; Thomas Schick\" src=\"https:\/\/thomas-schick.com\/embed#?secret=ZmGKuvrshA#?secret=LgBz8pSx4K\" data-secret=\"LgBz8pSx4K\" width=\"600\" height=\"338\" frameborder=\"0\" marginwidth=\"0\" marginheight=\"0\" scrolling=\"no\"><\/iframe><\/p>\n<p>e-mail<br \/>\nmail@thomas-schick.com<\/p>\n<p>Inhaltlich Verantwortlicher gem\u00e4\u00df \u00a7 6 MDStV:Thomas Schick\u2013 mail@thomas-schick.com<\/p>\n<p><b>Haftungsausschluss f\u00fcr weiterf\u00fchrende Links<\/b><\/p>\n<p>Alle Seiten dieser Website unterliegen dem Copyright \u00a9. Die Texte und Bilder d\u00fcrfen nicht ohne meine ausdr\u00fcckliche Zustimmung weiterverbreitet werden. Zitate in \u00fcblicher Form sind zul\u00e4ssig.\u00a0 F\u00fcr von mir verwendete Texte und Bilder liegt das Copyright bei mir oder ich habe die ausdr\u00fcckliche Zustimmung des Copyright-Inhabers oder dieser war trotz aller Bem\u00fchungen nicht auffindbar. Berechtigten Copyrightanspr\u00fcchen werde ich sofort entsprechen.<br \/>\nDas Herunterladen oder Ausdrucken einzelner Seiten und\/oder Teilbereiche ist nur insoweit gestattet, als es von dem zur Verf\u00fcgung gestellten Zweck gedeckt ist. Copyrightvermerke d\u00fcrfen nicht entfernt oder ge\u00e4ndert werden. Jegliche Vervielf\u00e4ltigung, \u00dcbermittlung oder Bearbeitung ist au\u00dferhalb der engen Grenzen des Urheberrechts ohne vorherige schriftliche Zustimmung des Urhebers untersagt. Thomas schickversucht nach besten Kr\u00e4ften, die Zuverl\u00e4ssigkeit und die Fehlerfreiheit der pr\u00e4sentierten Informationen sicherzustellen. Eine Haftung f\u00fcr Verluste oder Sch\u00e4den irgendwelcher Art, die direkt oder indirekt im Zusammenhang mit dem Zugriff der Benutzung der Leistung oder der Anfrage auf diesen Webseiten oder mit deren Verkn\u00fcpfungen mit anderen Webseiten zusammenh\u00e4ngen, kann Thomas Schick nicht \u00fcbernehmen. Aktivierung bestimmter Verkn\u00fcpfungen (Links) auf diesen Webseiten kann dazu f\u00fchren, dass die Webseiten von Thomas Schick verlassen werden.<b> <\/b>Thomas Schick hat die Verkn\u00fcpfung und den Inhalt der verkn\u00fcpften Seiten \u00fcberpr\u00fcft, kann dies aber nicht t\u00e4glich wiederholen und \u00fcbernimmt daher weder f\u00fcr deren technische Qualit\u00e4t noch f\u00fcr deren Inhalte, insbesondere den darauf angebotenen Produkten, Dienstleistungen oder sonstigen Angeboten eine Haftung.<\/p>\n<p><b>Urheberrecht<br \/>\n<\/b> Wir machen darauf aufmerksam, dass die Inhalte (Texte und Fotos) der Thomas Schick Website urheberrechtlich gesch\u00fctzt sind.<br \/>\nDas Kopieren urheberrechtlich gesch\u00fctzter Werke und die anschlie\u00dfende Verwendung im Rahmen eines eigenen Internetauftritts stellt eine Vervielf\u00e4ltigung und damit eine Urheberrechtsverletzung dar.<br \/>\nWir behalten uns vor, Verletzungen unserer Urheberrechte zivilrechtlich zu verfolgen.<\/p>\n<p><b>Web-Links<br \/>\n<\/b> Links auf diese Website sind erw\u00fcnscht. Falls Sie Inhalte der<b> <\/b>Thomas Schick Webseite mit Ihrer website verlinken m\u00f6chten, bitten wir, vorab unsere Genehmigung einzuholen.<\/p>\n<p>Mit Urteil vom 12. Mai 1998 &#8211; 312 O 85\/98 &#8211; &#8222;Haftung f\u00fcr Links&#8220; hat das Landgericht Hamburg entschieden, da\u00df man durch die Anbringung eines Links die Inhalte der gelinkten Seite eventuell mit zu verantworten hat.<\/p>\n<p>Auf dieser Website sind Links zu Inhalten anderer Websites, Regierungsseiten, Seiten von Staatssicherheitsdiensten und zu anderen Servern.<br \/>\nF\u00fcr alle Links gilt: Ich distanziere mich ausdr\u00fccklich von diesen Inhalten, ich mache mir diese Inhalte nicht zu eigen und kann keine Haftung daf\u00fcr \u00fcbernehmen, da ich keinen Einfluss darauf habe. Wenn Sie solchen Links zu anderen Seiten ausserhalb dieser Website folgen, geschieht dies auf Ihre eigene Gefahr und Verantwortung. Ich \u00fcbernehme keine Haftung f\u00fcr die Richtigkeit, Wahrheit und Aktualit\u00e4t des vorhandenen Text- und Bildmaterials, sowie f\u00fcr Sch\u00e4den, die durch das Herunterladen, Installieren oder Verwenden der zur Verf\u00fcgung gestellten Informationen entstehen.[\/vc_column_text][\/vc_column][\/vc_row][vc_row][vc_column][vc_column_text][\/vc_column_text][\/vc_column][\/vc_row]<\/p>\n<\/div>","protected":false},"excerpt":{"rendered":"<p>[vc_row][vc_column][vc_column_text][\/vc_column_text][\/vc_column][\/vc_row][vc_row][vc_column][vc_column_text]Thomas Schick Internet Startseite e-mail mail@thomas-schick.com Inhaltlich Verantwortlicher gem\u00e4\u00df \u00a7 6 MDStV:Thomas Schick\u2013 mail@thomas-schick.com Haftungsausschluss f\u00fcr weiterf\u00fchrende Links Alle Seiten [&hellip;]<\/p>\n","protected":false},"author":1,"featured_media":0,"parent":0,"menu_order":6,"comment_status":"closed","ping_status":"closed","template":"","meta":{"footnotes":""},"class_list":["post-76","page","type-page","status-publish","hentry"],"yoast_head":"<!-- This site is optimized with the Yoast SEO plugin v20.9 - https:\/\/yoast.com\/wordpress\/plugins\/seo\/ -->\n<title>Impressum - Thomas Schick<\/title>\n<meta name=\"robots\" content=\"index, follow, max-snippet:-1, max-image-preview:large, max-video-preview:-1\" \/>\n<link rel=\"canonical\" href=\"https:\/\/thomas-schick.com\/impressum\" \/>\n<meta property=\"og:locale\" content=\"de_DE\" \/>\n<meta property=\"og:type\" content=\"article\" \/>\n<meta property=\"og:title\" content=\"Impressum - Thomas Schick\" \/>\n<meta property=\"og:description\" content=\"[vc_row][vc_column][vc_column_text][\/vc_column_text][\/vc_column][\/vc_row][vc_row][vc_column][vc_column_text]Thomas Schick Internet Startseite e-mail mail@thomas-schick.com Inhaltlich Verantwortlicher gem\u00e4\u00df \u00a7 6 MDStV:Thomas Schick\u2013 mail@thomas-schick.com Haftungsausschluss f\u00fcr weiterf\u00fchrende Links Alle Seiten [&hellip;]\" \/>\n<meta property=\"og:url\" content=\"https:\/\/thomas-schick.com\/impressum\" \/>\n<meta property=\"og:site_name\" content=\"Thomas Schick\" \/>\n<meta property=\"article:modified_time\" content=\"2025-02-20T12:15:36+00:00\" \/>\n<meta property=\"og:image\" content=\"https:\/\/thomas-schick.com\/wp-content\/uploads\/2015\/05\/SchickLiebenthal400-thomas-schick.com.png\" \/>\n\t<meta property=\"og:image:width\" content=\"400\" \/>\n\t<meta property=\"og:image:height\" content=\"303\" \/>\n\t<meta property=\"og:image:type\" content=\"image\/png\" \/>\n<meta name=\"twitter:card\" content=\"summary_large_image\" \/>\n<meta name=\"twitter:label1\" content=\"Gesch\u00e4tzte Lesezeit\" \/>\n\t<meta name=\"twitter:data1\" content=\"3\u00a0Minuten\" \/>\n<script type=\"application\/ld+json\" class=\"yoast-schema-graph\">{\"@context\":\"https:\/\/schema.org\",\"@graph\":[{\"@type\":\"WebPage\",\"@id\":\"https:\/\/thomas-schick.com\/impressum\",\"url\":\"https:\/\/thomas-schick.com\/impressum\",\"name\":\"Impressum - Thomas Schick\",\"isPartOf\":{\"@id\":\"https:\/\/thomas-schick.com\/en\/#website\"},\"datePublished\":\"2014-09-07T07:02:08+00:00\",\"dateModified\":\"2025-02-20T12:15:36+00:00\",\"breadcrumb\":{\"@id\":\"https:\/\/thomas-schick.com\/impressum#breadcrumb\"},\"inLanguage\":\"de\",\"potentialAction\":[{\"@type\":\"ReadAction\",\"target\":[\"https:\/\/thomas-schick.com\/impressum\"]}]},{\"@type\":\"BreadcrumbList\",\"@id\":\"https:\/\/thomas-schick.com\/impressum#breadcrumb\",\"itemListElement\":[{\"@type\":\"ListItem\",\"position\":1,\"name\":\"Home\",\"item\":\"https:\/\/thomas-schick.com\/en\/\"},{\"@type\":\"ListItem\",\"position\":2,\"name\":\"Impressum\"}]},{\"@type\":\"WebSite\",\"@id\":\"https:\/\/thomas-schick.com\/en\/#website\",\"url\":\"https:\/\/thomas-schick.com\/en\/\",\"name\":\"Thomas Schick\",\"description\":\"\",\"potentialAction\":[{\"@type\":\"SearchAction\",\"target\":{\"@type\":\"EntryPoint\",\"urlTemplate\":\"https:\/\/thomas-schick.com\/en\/?s={search_term_string}\"},\"query-input\":\"required name=search_term_string\"}],\"inLanguage\":\"de\"}]}<\/script>\n<!-- \/ Yoast SEO plugin. -->","yoast_head_json":{"title":"Impressum - Thomas Schick","robots":{"index":"index","follow":"follow","max-snippet":"max-snippet:-1","max-image-preview":"max-image-preview:large","max-video-preview":"max-video-preview:-1"},"canonical":"https:\/\/thomas-schick.com\/impressum","og_locale":"de_DE","og_type":"article","og_title":"Impressum - Thomas Schick","og_description":"[vc_row][vc_column][vc_column_text][\/vc_column_text][\/vc_column][\/vc_row][vc_row][vc_column][vc_column_text]Thomas Schick Internet Startseite e-mail mail@thomas-schick.com Inhaltlich Verantwortlicher gem\u00e4\u00df \u00a7 6 MDStV:Thomas Schick\u2013 mail@thomas-schick.com Haftungsausschluss f\u00fcr weiterf\u00fchrende Links Alle Seiten [&hellip;]","og_url":"https:\/\/thomas-schick.com\/impressum","og_site_name":"Thomas Schick","article_modified_time":"2025-02-20T12:15:36+00:00","og_image":[{"width":400,"height":303,"url":"https:\/\/thomas-schick.com\/wp-content\/uploads\/2015\/05\/SchickLiebenthal400-thomas-schick.com.png","type":"image\/png"}],"twitter_card":"summary_large_image","twitter_misc":{"Gesch\u00e4tzte Lesezeit":"3\u00a0Minuten"},"schema":{"@context":"https:\/\/schema.org","@graph":[{"@type":"WebPage","@id":"https:\/\/thomas-schick.com\/impressum","url":"https:\/\/thomas-schick.com\/impressum","name":"Impressum - Thomas Schick","isPartOf":{"@id":"https:\/\/thomas-schick.com\/en\/#website"},"datePublished":"2014-09-07T07:02:08+00:00","dateModified":"2025-02-20T12:15:36+00:00","breadcrumb":{"@id":"https:\/\/thomas-schick.com\/impressum#breadcrumb"},"inLanguage":"de","potentialAction":[{"@type":"ReadAction","target":["https:\/\/thomas-schick.com\/impressum"]}]},{"@type":"BreadcrumbList","@id":"https:\/\/thomas-schick.com\/impressum#breadcrumb","itemListElement":[{"@type":"ListItem","position":1,"name":"Home","item":"https:\/\/thomas-schick.com\/en\/"},{"@type":"ListItem","position":2,"name":"Impressum"}]},{"@type":"WebSite","@id":"https:\/\/thomas-schick.com\/en\/#website","url":"https:\/\/thomas-schick.com\/en\/","name":"Thomas Schick","description":"","potentialAction":[{"@type":"SearchAction","target":{"@type":"EntryPoint","urlTemplate":"https:\/\/thomas-schick.com\/en\/?s={search_term_string}"},"query-input":"required name=search_term_string"}],"inLanguage":"de"}]}},"_links":{"self":[{"href":"https:\/\/thomas-schick.com\/de\/wp-json\/wp\/v2\/pages\/76","targetHints":{"allow":["GET"]}}],"collection":[{"href":"https:\/\/thomas-schick.com\/de\/wp-json\/wp\/v2\/pages"}],"about":[{"href":"https:\/\/thomas-schick.com\/de\/wp-json\/wp\/v2\/types\/page"}],"author":[{"embeddable":true,"href":"https:\/\/thomas-schick.com\/de\/wp-json\/wp\/v2\/users\/1"}],"replies":[{"embeddable":true,"href":"https:\/\/thomas-schick.com\/de\/wp-json\/wp\/v2\/comments?post=76"}],"version-history":[{"count":12,"href":"https:\/\/thomas-schick.com\/de\/wp-json\/wp\/v2\/pages\/76\/revisions"}],"predecessor-version":[{"id":1193,"href":"https:\/\/thomas-schick.com\/de\/wp-json\/wp\/v2\/pages\/76\/revisions\/1193"}],"wp:attachment":[{"href":"https:\/\/thomas-schick.com\/de\/wp-json\/wp\/v2\/media?parent=76"}],"curies":[{"name":"wp","href":"https:\/\/api.w.org\/{rel}","templated":true}]}}