{"id":13,"date":"2014-08-11T16:34:32","date_gmt":"2014-08-11T16:34:32","guid":{"rendered":"http:\/\/thomas-schick.com\/?page_id=13"},"modified":"2020-04-23T08:36:51","modified_gmt":"2020-04-23T08:36:51","slug":"ueber-mich","status":"publish","type":"page","link":"https:\/\/thomas-schick.com\/de\/ueber-mich","title":{"rendered":"\u00dcber mich"},"content":{"rendered":"<div class=\"wpb-content-wrapper\"><p>[vc_row][vc_column][vc_column_text]<span style=\"font-family: Calibri, serif;\"><span style=\"font-size: large;\"><b>Willkommen<\/b><\/span><\/span><\/p>\n<p><span style=\"font-family: Calibri, serif;\"><span style=\"font-size: large;\">Herzlich willkommen auf meiner Schick-Liebenthal-Seite, die dem Thema \u201eAnaloge Musikreproduktion\u201c gewidmet ist. Was ich darunter verstehe, wie ich zu meinen \u00dcberzeugungen gekommen bin und wie diese Eingang in meine Produkte gefunden haben, finden Sie hier erl\u00e4utert. Viel Spa\u00df beim Lesen w\u00fcnscht Thomas Schick. <\/span><\/span>[\/vc_column_text][\/vc_column][\/vc_row][vc_row][vc_column][vc_column_text]<span style=\"font-family: Calibri, serif;\"><span style=\"font-size: large;\"><b>Produkt und Individuum<br \/>\n<\/b><\/span><\/span><\/p>\n<p><span style=\"font-family: Calibri, serif;\"><span style=\"font-size: large;\">Die Produkte, die Sie auf diesen Webseiten antreffen, wurden von der Idee \u00fcber den Entwurf bis zum Bau ausschlie\u00dflich von mir entwickelt und umgesetzt. Es handelt sich daher um individuelle Produkte &#8211; und nichts von der Stange.<\/span><\/span><\/p>\n<p><span style=\"font-family: Calibri, serif;\"><span style=\"font-size: large;\">Die Motivation etwas Eigenes zu bauen resultierte aus der Erfahrung, dass die auf dem Markt angebotenen Produkte nicht voll ausgereift waren (und sind). Ich kannte deren Schwachstellen und sagte mir: \u201eDa ist noch Luft nach oben, das kann ich besser.\u201c Bei meiner Beurteilung vermied ich es, blindlings den einschl\u00e4gigen Referenzen zu folgen, seien es Zeitschriftenartikel, Werbeanzeigen mit Produktbeschreibungen, euphorische Beitr\u00e4ge von Eventteilnehmern oder Fachh\u00e4ndler in Mission. Diese folgen anderen Pr\u00e4missen als ein Endkonsument wie ich.<\/span><\/span><\/p>\n<p><span style=\"font-family: Calibri, serif;\"><span style=\"font-size: large;\">Von dem Wunsch bis zum reifen Produkt ist es ein langer Weg. Bereits in meinen Anf\u00e4ngen in den 90er Jahren erkannte ich, dass es nicht reicht, einzelne Bestandteile eines Systems auszutauschen und durch h\u00f6herwertigere zu ersetzen. Um die Qualit\u00e4tsstandards zu erreichen, die ich an die eigenen Produkte stellte, waren 15 Jahre Erfahrung und Entwicklung notwendig. Die Kunden, die sich f\u00fcr diese Produkte interessierten, kamen dann fast von allein.<\/span><\/span>[\/vc_column_text][\/vc_column][\/vc_row][vc_row][vc_column][vc_column_text]<span style=\"font-family: Calibri, serif;\"><span style=\"font-size: large;\"><b>Austausch und Erfahrung<br \/>\n<\/b><\/span><\/span><\/p>\n<p><span style=\"font-size: large;\"><span style=\"font-family: Calibri, serif;\">Die entscheidenden Impulse auf dem Weg der Entwicklung lieferten mir die Fachmagazine <\/span><span style=\"font-family: Calibri, serif;\"><i>L\u00b4 Audiophile<\/i><\/span><span style=\"font-family: Calibri, serif;\"> und <\/span><span style=\"font-family: Calibri, serif;\"><i>Sound Practices<\/i><\/span><span style=\"font-family: Calibri, serif;\">. Hier bekam ich Einblicke in das Klanguniversum anderer Individualisten wie mich, die aus einer Vielzahl von Einzelelementen \u2013 wie etwa R\u00f6hrenverst\u00e4rker und Hornlautsprecher &#8211; ein Gesamtsystem installiert hatten. U.a. wurde \u00fcber japanische Enthusiasten berichtet, die ihre vielteiligen Systeme in ihren Wohnzimmern pr\u00e4sentierten oder mit L\u00f6tkolben bewaffnet in ihren L\u00e4den zu sehen waren. <\/span><\/span><\/p>\n<p><span style=\"font-family: Calibri, serif;\"><span style=\"font-size: large;\">Erstmals 1997 hatte ich Gelegenheit einige dieser Enthusiasten selbst kennenzulernen und mir vor Ort ein (Klang-)Bild von ihren Systemen zu machen. Das war der Beginn einer langj\u00e4hrigen und weltweiten Entdeckungsreise. Auf diesem Wege konnte ich <\/span><\/span><span style=\"font-family: Times New Roman, serif;\"><span style=\"font-size: medium;\"><span style=\"font-family: Calibri, serif;\"><span style=\"font-size: large;\">eine Vielzahl von Systemen unter realen Bedingungen kennenlernen und Erfahrungen sammeln. Es entstanden seither viele Freundschaften,<\/span><\/span><\/span><\/span><span style=\"font-family: Calibri, serif;\"><span style=\"font-size: large;\"> sei es in Europa, Japan, Korea oder den USA. <\/span><\/span>[\/vc_column_text][\/vc_column][\/vc_row][vc_row][vc_column][vc_column_text]<span style=\"font-family: Calibri, serif;\"><span style=\"font-size: large;\"><b>Wissen und Transfer<br \/>\n<\/b><\/span><\/span><\/p>\n<p><span style=\"font-family: Calibri, serif;\"><span style=\"font-size: large;\">Bei meinen Erkundungen von Systemen habe ich mich auf einen favorisierten Bereich konzentriert: R\u00f6hren, H\u00f6rner und Vinyl. Wenn ich ein System live h\u00f6re, dann will ich herausfinden, was ist das Spezielle an dem System? Warum h\u00f6rt sich das so an, wie wird dieser charakteristische Sound erzeugt? Welche Elemente, welche Komponenten, welche Parameter tragen dazu bei, dass sich etwas in einer bestimmten Art und Weise bzw. in eine bestimmte Richtung gehend anh\u00f6rt? Kann ich das herausfiltern, kann ich das genau eingrenzen? Und wenn ja, l\u00e4sst sich das auch f\u00fcr meine Produkte umsetzen? <\/span><\/span><\/p>\n<p><span style=\"font-family: Calibri, serif;\"><span style=\"font-size: large;\">Jetzt beginnt der schwierige Teil: der Transfer. Hierbei geht es darum, die aus dem Prozess gewonnenen Erkenntnisse in meine Produkte eingehen zu lassen, und zwar so, dass die zwingenden Parameter Technik, Design und Klang zusammenspielen. Letztere sind die drei Hauptschwerpunkte, die bei der Entwicklung meiner Produkte Ber\u00fccksichtigung finden (m\u00fcssen).<\/span><\/span>[\/vc_column_text][\/vc_column][\/vc_row][vc_row][vc_column][vc_column_text]<span style=\"font-family: Calibri, serif;\"><span style=\"font-size: large;\"><b>Technik<\/b><\/span><\/span><\/p>\n<p><span style=\"font-family: Calibri, serif;\"><span style=\"font-size: large;\">In puncto Technik bin ich zwei grunds\u00e4tzlichen Maximen gefolgt: der universellen Einsetzbarkeit meiner Produkte und der Autonomie des Benutzers.<\/span><\/span><\/p>\n<p><span style=\"font-family: Calibri, serif;\"><span style=\"font-size: large;\">Was hei\u00dft das? Konkret bedeutet universelle Einsetzbarkeit z.B., dass in meinen Tonarmen eine gro\u00dfe Bandbreite von Tonabnehmern &#8211; von leicht bis schwer &#8211; betrieben werden k\u00f6nnen. Gleiches Prinzip gilt f\u00fcr die Headshells. Die Autonomie des Benutzers gew\u00e4hrleiste ich dadurch, dass ihm alle basalen Parameter einen Tonarm einzustellen zur Verf\u00fcgung gestellt werden bzw. die Einstellung des Tonarms von ihm selbst vorgenommen werden kann. Und das m\u00f6glichst einfach und unkompliziert. Die Parameter einen Tonarm einzustellen lauten: Einbauh\u00f6he, Azimuth, Auflagekraft und Antiskating.<\/span><\/span><\/p>\n<p><span style=\"font-family: Calibri, serif;\"><span style=\"font-size: large;\">Das ist keine Selbstverst\u00e4ndlichkeit auf dem Markt der Tonarme. Meiner Erfahrung nach werden u.a. Tonarme angeboten, bei denen nicht alle Einstellm\u00f6glichkeiten bereitgestellt werden. Oder die Tonarme sind mit einer \u00fcberdimensionierten Anzahl von Kn\u00f6pfen ausgestattet. Diese zus\u00e4tzlichen Kn\u00f6pfe sind oft ohne Mehrwert, ohne relevante Funktion und ohne Pr\u00e4zisionsgewinn, aber sie gaukeln dem Kunden vor, er sei \u201eder Magier \u00fcber 1000 Kn\u00f6pfe\u201c &#8211; sprich Parameter. Bei meinen Produkten werden Sie daher nur die Einstellm\u00f6glichkeiten vorfinden, die Sie auch tats\u00e4chlich ben\u00f6tigen.<\/span><\/span>[\/vc_column_text][\/vc_column][\/vc_row][vc_row][vc_column][vc_column_text]<span style=\"font-family: Calibri, serif;\"><span style=\"font-size: large;\"><b>Design<\/b><\/span><\/span><\/p>\n<p><span style=\"font-size: large;\"><span style=\"font-family: Calibri, serif;\">In meinen Augen gibt es Hersteller, die zwar \u00fcber fundiertes technisches Wissen verf\u00fcgen, aber entweder keine Ahnung von Design haben oder darauf keinen Wert legen. Dementsprechend haben sie ihr Wissen in ihre Produkte \u201everbaut\u201c. Im Design offenbart sich nicht zuletzt die Philosophie der Produkte, sei es schlicht und minimalistisch, barock und ornamental, poppig und effektgeladen etc. \u2013 oder eben unzug\u00e4nglich und kompromissbehaftet. Ich habe mich f\u00fcr ein transparentes und minimalistisches Design entschieden. Das macht es nicht etwa simpler oder einfacher, ganz im Gegenteil: Hier m\u00fcssen komplexe Prozesse kondensiert werden. Nur dann ist eine Synthese von Proportion und Technik gew\u00e4hrleistet. <\/span><\/span>[\/vc_column_text][\/vc_column][\/vc_row][vc_row][vc_column][vc_column_text]<span style=\"font-family: Calibri, serif;\"><span style=\"font-size: large;\"><b>Klang<\/b><\/span><\/span><\/p>\n<p><span style=\"font-family: Calibri, serif;\"><span style=\"font-size: large;\">Klangideale werden \u00fcblicherweise in warm\/zart oder kalt\/detailliert unterschieden. Diese Begriffe haben tendenziell negative Konnotationen bzw. implizieren, dass etwas nicht vorhanden ist, n\u00e4mlich ihr Komplement\u00e4rcharakter. Beide Charaktere k\u00f6nnen &#8211; und sollten &#8211; in Einklang gebracht werden. Um die Dynamik und Emotion der Musik zu transportieren, sollte die gesamte Klangpalette von zart bis detailliert zu Verf\u00fcgung stehen. Dieses Klangideal strebe ich mit meinen Produkten an.<\/span><\/span>[\/vc_column_text][\/vc_column][\/vc_row][vc_row][vc_column][vc_separator][\/vc_column][\/vc_row][vc_row][vc_column][vc_carousel posts_query=&#8220;size:10|order_by:date|post_type:portfolio&#8220; layout=&#8220;image|link_post,title|link_post&#8220; thumb_size=&#8220;medium&#8220; slides_per_view=&#8220;3&#8243; wrap=&#8220;yes&#8220;][\/vc_column][\/vc_row][vc_row][vc_column][\/vc_column][\/vc_row]<\/p>\n<\/div>","protected":false},"excerpt":{"rendered":"<p>About Thomas here German excerpt<\/p>\n","protected":false},"author":1,"featured_media":0,"parent":0,"menu_order":1,"comment_status":"closed","ping_status":"closed","template":"template-full-custom.php","meta":{"footnotes":""},"class_list":["post-13","page","type-page","status-publish","hentry"],"yoast_head":"<!-- This site is optimized with the Yoast SEO plugin v20.9 - https:\/\/yoast.com\/wordpress\/plugins\/seo\/ -->\n<title>thomas schick tonearm<\/title>\n<meta name=\"description\" content=\"thomas schick tonearm about\" \/>\n<meta name=\"robots\" content=\"index, follow, max-snippet:-1, max-image-preview:large, max-video-preview:-1\" \/>\n<link rel=\"canonical\" href=\"https:\/\/thomas-schick.com\/de\/ueber-mich\" \/>\n<meta property=\"og:locale\" content=\"de_DE\" \/>\n<meta property=\"og:type\" content=\"article\" \/>\n<meta property=\"og:title\" content=\"thomas schick tonearm\" \/>\n<meta property=\"og:description\" content=\"thomas schick tonearm about\" \/>\n<meta property=\"og:url\" content=\"https:\/\/thomas-schick.com\/de\/ueber-mich\" \/>\n<meta property=\"og:site_name\" content=\"Thomas Schick\" \/>\n<meta property=\"article:modified_time\" content=\"2020-04-23T08:36:51+00:00\" \/>\n<meta property=\"og:image\" content=\"https:\/\/thomas-schick.com\/wp-content\/uploads\/2015\/05\/SchickLiebenthal400-thomas-schick.com.png\" \/>\n\t<meta property=\"og:image:width\" content=\"400\" \/>\n\t<meta property=\"og:image:height\" content=\"303\" \/>\n\t<meta property=\"og:image:type\" content=\"image\/png\" \/>\n<meta name=\"twitter:card\" content=\"summary_large_image\" \/>\n<meta name=\"twitter:label1\" content=\"Gesch\u00e4tzte Lesezeit\" \/>\n\t<meta name=\"twitter:data1\" content=\"7\u00a0Minuten\" \/>\n<script type=\"application\/ld+json\" class=\"yoast-schema-graph\">{\"@context\":\"https:\/\/schema.org\",\"@graph\":[{\"@type\":\"WebPage\",\"@id\":\"https:\/\/thomas-schick.com\/de\/ueber-mich\",\"url\":\"https:\/\/thomas-schick.com\/de\/ueber-mich\",\"name\":\"thomas schick tonearm\",\"isPartOf\":{\"@id\":\"https:\/\/thomas-schick.com\/en\/#website\"},\"datePublished\":\"2014-08-11T16:34:32+00:00\",\"dateModified\":\"2020-04-23T08:36:51+00:00\",\"description\":\"thomas schick tonearm about\",\"breadcrumb\":{\"@id\":\"https:\/\/thomas-schick.com\/de\/ueber-mich#breadcrumb\"},\"inLanguage\":\"de\",\"potentialAction\":[{\"@type\":\"ReadAction\",\"target\":[\"https:\/\/thomas-schick.com\/de\/ueber-mich\"]}]},{\"@type\":\"BreadcrumbList\",\"@id\":\"https:\/\/thomas-schick.com\/de\/ueber-mich#breadcrumb\",\"itemListElement\":[{\"@type\":\"ListItem\",\"position\":1,\"name\":\"Home\",\"item\":\"https:\/\/thomas-schick.com\/en\/\"},{\"@type\":\"ListItem\",\"position\":2,\"name\":\"\u00dcber mich\"}]},{\"@type\":\"WebSite\",\"@id\":\"https:\/\/thomas-schick.com\/en\/#website\",\"url\":\"https:\/\/thomas-schick.com\/en\/\",\"name\":\"Thomas Schick\",\"description\":\"\",\"potentialAction\":[{\"@type\":\"SearchAction\",\"target\":{\"@type\":\"EntryPoint\",\"urlTemplate\":\"https:\/\/thomas-schick.com\/en\/?s={search_term_string}\"},\"query-input\":\"required name=search_term_string\"}],\"inLanguage\":\"de\"}]}<\/script>\n<!-- \/ Yoast SEO plugin. -->","yoast_head_json":{"title":"thomas schick tonearm","description":"thomas schick tonearm about","robots":{"index":"index","follow":"follow","max-snippet":"max-snippet:-1","max-image-preview":"max-image-preview:large","max-video-preview":"max-video-preview:-1"},"canonical":"https:\/\/thomas-schick.com\/de\/ueber-mich","og_locale":"de_DE","og_type":"article","og_title":"thomas schick tonearm","og_description":"thomas schick tonearm about","og_url":"https:\/\/thomas-schick.com\/de\/ueber-mich","og_site_name":"Thomas Schick","article_modified_time":"2020-04-23T08:36:51+00:00","og_image":[{"width":400,"height":303,"url":"https:\/\/thomas-schick.com\/wp-content\/uploads\/2015\/05\/SchickLiebenthal400-thomas-schick.com.png","type":"image\/png"}],"twitter_card":"summary_large_image","twitter_misc":{"Gesch\u00e4tzte Lesezeit":"7\u00a0Minuten"},"schema":{"@context":"https:\/\/schema.org","@graph":[{"@type":"WebPage","@id":"https:\/\/thomas-schick.com\/de\/ueber-mich","url":"https:\/\/thomas-schick.com\/de\/ueber-mich","name":"thomas schick tonearm","isPartOf":{"@id":"https:\/\/thomas-schick.com\/en\/#website"},"datePublished":"2014-08-11T16:34:32+00:00","dateModified":"2020-04-23T08:36:51+00:00","description":"thomas schick tonearm about","breadcrumb":{"@id":"https:\/\/thomas-schick.com\/de\/ueber-mich#breadcrumb"},"inLanguage":"de","potentialAction":[{"@type":"ReadAction","target":["https:\/\/thomas-schick.com\/de\/ueber-mich"]}]},{"@type":"BreadcrumbList","@id":"https:\/\/thomas-schick.com\/de\/ueber-mich#breadcrumb","itemListElement":[{"@type":"ListItem","position":1,"name":"Home","item":"https:\/\/thomas-schick.com\/en\/"},{"@type":"ListItem","position":2,"name":"\u00dcber mich"}]},{"@type":"WebSite","@id":"https:\/\/thomas-schick.com\/en\/#website","url":"https:\/\/thomas-schick.com\/en\/","name":"Thomas Schick","description":"","potentialAction":[{"@type":"SearchAction","target":{"@type":"EntryPoint","urlTemplate":"https:\/\/thomas-schick.com\/en\/?s={search_term_string}"},"query-input":"required name=search_term_string"}],"inLanguage":"de"}]}},"_links":{"self":[{"href":"https:\/\/thomas-schick.com\/de\/wp-json\/wp\/v2\/pages\/13","targetHints":{"allow":["GET"]}}],"collection":[{"href":"https:\/\/thomas-schick.com\/de\/wp-json\/wp\/v2\/pages"}],"about":[{"href":"https:\/\/thomas-schick.com\/de\/wp-json\/wp\/v2\/types\/page"}],"author":[{"embeddable":true,"href":"https:\/\/thomas-schick.com\/de\/wp-json\/wp\/v2\/users\/1"}],"replies":[{"embeddable":true,"href":"https:\/\/thomas-schick.com\/de\/wp-json\/wp\/v2\/comments?post=13"}],"version-history":[{"count":38,"href":"https:\/\/thomas-schick.com\/de\/wp-json\/wp\/v2\/pages\/13\/revisions"}],"predecessor-version":[{"id":1108,"href":"https:\/\/thomas-schick.com\/de\/wp-json\/wp\/v2\/pages\/13\/revisions\/1108"}],"wp:attachment":[{"href":"https:\/\/thomas-schick.com\/de\/wp-json\/wp\/v2\/media?parent=13"}],"curies":[{"name":"wp","href":"https:\/\/api.w.org\/{rel}","templated":true}]}}